{"id":5450,"date":"2022-08-02T08:56:56","date_gmt":"2022-08-02T07:56:56","guid":{"rendered":"https:\/\/johanssonarquitectos.com\/experience\/"},"modified":"2022-12-09T19:06:18","modified_gmt":"2022-12-09T18:06:18","slug":"experience","status":"publish","type":"page","link":"https:\/\/johanssonarquitectos.com\/en\/experience\/","title":{"rendered":"Experience"},"content":{"rendered":"<p>[vc_row css=&#8221;.vc_custom_1662470970303{padding-top: 2em !important;padding-bottom: 2em !important;}&#8221;][vc_column][vc_custom_heading text=&#8221;Experience&#8221; font_container=&#8221;tag:h1|text_align:center&#8221; use_theme_fonts=&#8221;yes&#8221; el_class=&#8221;.page-title .ast-archive-title&#8221;][\/vc_column][\/vc_row][vc_row][vc_column][vc_column_text css=&#8221;.vc_custom_1662471728722{padding-top: 20px !important;}&#8221;]<\/p>\n<p style=\"text-align: center;\"><strong><a href=\"#arquitectura\">Architecture &amp; Interior Design<\/a> <span style=\"color: #597c1f;\">\/<\/span> <a href=\"#residencial\">Residential and Social Housing<\/a> <span style=\"color: #597c1f;\">\/<\/span> <a href=\"#consultoria\">Consultancy and Assessment<\/a> <span style=\"color: #597c1f;\">\/<\/span> <a href=\"#direccion\">Project Construction Management<\/a> <span style=\"color: #597c1f;\">\/<\/span> <a href=\"#urbanismo\">Urban planning and Development<\/a> <span style=\"color: #597c1f;\">\/<\/span> <a href=\"#diseno\">Product Design<\/a><\/strong><\/p>\n<p>[\/vc_column_text][\/vc_column][\/vc_row][vc_row css=&#8221;.vc_custom_1659513487255{padding-top: 3em !important;padding-bottom: 3em !important;}&#8221; el_id=&#8221;arquitectura&#8221;][vc_column width=&#8221;1\/2&#8243;][vc_custom_heading text=&#8221;Architecture &amp; Interior Design&#8221; use_theme_fonts=&#8221;yes&#8221; el_class=&#8221;.page-title .ast-archive-title&#8221;][vc_column_text css=&#8221;.vc_custom_1659434012425{padding-top: 20px !important;padding-right: 50px !important;}&#8221;]<\/p>\n<p style=\"text-align: justify;\">Architecture and interior design go hand in hand. Interior design is an inseparable part of architecture and in many cases, it is what you most experience and perceive. In all our projects we try to get as close as possible to that continuity between the exterior and the interior that is so important and necessary.<\/p>\n<p style=\"text-align: justify;\">As architects with an extensive experience, we develop projects where we respond to both needs, taking care of the details, the objectives and the functionality of the spaces, as well as the search of balance between all the elements that compose it; materials, lighting, textures and shapes, colors and furnishings, amongst many others.<\/p>\n<p style=\"text-align: justify;\">Starting from simplicity and practicality as maximums in our work, our success lies in designing spaces that respond to their function to the perfection, involving the use of renewable energies, sustainable and recycled materials, and advanced technology integrated in the environment.<\/p>\n<p>[\/vc_column_text][\/vc_column][vc_column width=&#8221;1\/2&#8243;][vc_single_image image=&#8221;5257&#8243; img_size=&#8221;full&#8221;][\/vc_column][\/vc_row][vc_row css=&#8221;.vc_custom_1659513476629{padding-top: 3em !important;padding-bottom: 3em !important;}&#8221; el_id=&#8221;residencial&#8221;][vc_column width=&#8221;1\/2&#8243; css=&#8221;.vc_custom_1659435575011{padding-right: 50px !important;}&#8221;][vc_single_image image=&#8221;5266&#8243; img_size=&#8221;full&#8221;][\/vc_column][vc_column width=&#8221;1\/2&#8243;][vc_custom_heading text=&#8221;Residential and Social Housing&#8221; use_theme_fonts=&#8221;yes&#8221; el_class=&#8221;.page-title .ast-archive-title&#8221;][vc_column_text css=&#8221;.vc_custom_1659434727195{padding-top: 20px !important;}&#8221;]<\/p>\n<p style=\"text-align: justify;\">Residential projects both individual and multi-family, as well as social housing projects, have been a constant work throughout more than 30 years of profession. Housing, whether regular or vacational, is one of the greatest needs and dreams of individuals and families, and it is a professional exercise full of challenges and satisfactions.<\/p>\n<p style=\"text-align: justify;\">Architectural competitions for the development of social housing is a meticulous work and an apprenticeship school where to prioritize and give value to every cm2 of space, proportions, lighting and natural ventilation, as well as views, orientations, privacy and energy savings.<\/p>\n<p style=\"text-align: justify;\">They are projects full of adaptation, changes and solutions that also serve as a guide for many subsequent works and projects in other fields.<\/p>\n<p>[\/vc_column_text][\/vc_column][\/vc_row][vc_row css=&#8221;.vc_custom_1659513468327{padding-top: 3em !important;padding-bottom: 3em !important;}&#8221; el_id=&#8221;consultoria&#8221;][vc_column width=&#8221;1\/2&#8243;][vc_custom_heading text=&#8221;Consultancy and Assessment&#8221; use_theme_fonts=&#8221;yes&#8221; el_class=&#8221;.page-title .ast-archive-title&#8221;][vc_column_text css=&#8221;.vc_custom_1659435144626{padding-top: 20px !important;padding-right: 50px !important;}&#8221;]<\/p>\n<p style=\"text-align: justify;\">The experience of many years of projects and a great variety of works, give us the necessary skills to share our knowledge in collaboration with other architects, engineers and professionals of the sector and offer a complete and high quality service, where we value the creative work and authorship of the projects.<\/p>\n<p style=\"text-align: justify;\">At the same time it allows meeting other professionals who also contribute with new ideas, enriching us professionally and improving the architectural product to find the best solution for our clients.<\/p>\n<p>[\/vc_column_text][\/vc_column][vc_column width=&#8221;1\/2&#8243;][vc_single_image image=&#8221;5269&#8243; img_size=&#8221;full&#8221;][\/vc_column][\/vc_row][vc_row css=&#8221;.vc_custom_1659513458800{padding-top: 3em !important;padding-bottom: 3em !important;}&#8221; el_id=&#8221;direccion&#8221;][vc_column width=&#8221;1\/2&#8243;][vc_single_image image=&#8221;5275&#8243; img_size=&#8221;full&#8221; css=&#8221;.vc_custom_1662470039928{padding-right: 50px !important;}&#8221;][\/vc_column][vc_column width=&#8221;1\/2&#8243;][vc_custom_heading text=&#8221;Project Construction Management&#8221; use_theme_fonts=&#8221;yes&#8221; el_class=&#8221;.page-title .ast-archive-title&#8221;][vc_column_text css=&#8221;.vc_custom_1659438770573{padding-top: 20px !important;}&#8221;]<\/p>\n<p style=\"text-align: justify;\">Assigning an architect with the necessary knowledge of the project is undoubtedly a necessity, a responsibility and a wise decision for the final result of the work<\/p>\n<p style=\"text-align: justify;\">The construction management, one of the most demanding and at the same time most gratifying, is carried out by Enrique Johansson as construction manager. He supervises, visualizes and experiences in real time the project proposed.<\/p>\n<p style=\"text-align: justify;\">The essential coordination between the teams of workers, manufacturers, assemblers and the constructor is a fundamental and demanding task, as well as the direct contact with the material, the structure and the finishings that must provide a solution to all the proposed objectives.<\/p>\n<p>[\/vc_column_text][\/vc_column][\/vc_row][vc_row css=&#8221;.vc_custom_1659513450688{padding-top: 3em !important;padding-bottom: 3em !important;}&#8221; el_id=&#8221;urbanismo&#8221;][vc_column width=&#8221;1\/2&#8243;][vc_custom_heading text=&#8221;Urban planning and Development&#8221; use_theme_fonts=&#8221;yes&#8221; el_class=&#8221;.page-title .ast-archive-title&#8221;][vc_column_text css=&#8221;.vc_custom_1659438722273{padding-right: 50px !important;}&#8221;]<\/p>\n<p style=\"text-align: justify;\">It is the step to a large-scale work that involves the city, the different neighborhoods and areas, transportation, green spaces, pedestrian areas, use of vehicles, spaces between buildings, the &#8220;landscape&#8221; and social relations amongst many others.<\/p>\n<p style=\"text-align: justify;\">Since the beginning of our professional experience as architects we have never stopped planning the land and ordering the terrain so that later the architecture fits and responds to the needs of the society with proposals that benefit and improve the urban landscape and the life of the people.<\/p>\n<p>[\/vc_column_text][\/vc_column][vc_column width=&#8221;1\/2&#8243; css=&#8221;.vc_custom_1659435586643{padding-right: 50px !important;}&#8221;][vc_single_image image=&#8221;5281&#8243; img_size=&#8221;full&#8221;][\/vc_column][\/vc_row][vc_row css=&#8221;.vc_custom_1659513440313{padding-top: 3em !important;padding-bottom: 3em !important;}&#8221; el_id=&#8221;diseno&#8221;][vc_column width=&#8221;1\/2&#8243;][vc_single_image image=&#8221;5284&#8243; img_size=&#8221;full&#8221; css=&#8221;.vc_custom_1662470448456{padding-right: 50px !important;}&#8221;][\/vc_column][vc_column width=&#8221;1\/2&#8243;][vc_custom_heading text=&#8221;Product Design&#8221; use_theme_fonts=&#8221;yes&#8221; el_class=&#8221;.page-title .ast-archive-title&#8221;][vc_column_text]<\/p>\n<p style=\"text-align: justify;\">In each of our projects we know the needs and possibilities of interior design and decoration involved.<\/p>\n<p style=\"text-align: justify;\">Therefore, we are developing a new line of projects on demand where we can respond to the creation of timeless pieces full of quality and design, totally appropriate and adapted to the spaces we create and to the clients we work with.<\/p>\n<p style=\"text-align: justify;\">To learn more about our proposal, please write an email to:<\/p>\n<p><span style=\"color: #597c1f;\"><a style=\"color: #597c1f;\" href=\"mailto:oficina@johanssonarquitectos.com\" target=\"_blank\" rel=\"noopener\">oficina@johanssonarquitectos.com<\/a><\/span>[\/vc_column_text][\/vc_column][\/vc_row][vc_row][vc_column][vc_column_text css=&#8221;.vc_custom_1662471728722{padding-top: 20px !important;}&#8221;]<\/p>\n<p style=\"text-align: center;\"><strong><a href=\"#arquitectura\">Architecture &amp; Interior Design<\/a> <span style=\"color: #597c1f;\">\/<\/span> <a href=\"#residencial\">Residential and Social Housing<\/a> <span style=\"color: #597c1f;\">\/<\/span> <a href=\"#consultoria\">Consultancy and Assessment<\/a> <span style=\"color: #597c1f;\">\/<\/span> <a href=\"#direccion\">Project Construction Management<\/a> <span style=\"color: #597c1f;\">\/<\/span> <a href=\"#urbanismo\">Urban planning and Development<\/a> <span style=\"color: #597c1f;\">\/<\/span> <a href=\"#diseno\">Product Design<\/a><\/strong><\/p>\n<p>[\/vc_column_text][\/vc_column][\/vc_row]<\/p>\n","protected":false},"excerpt":{"rendered":"<p>[vc_row css=&#8221;.vc_custom_1662470970303{padding-top: 2em !important;padding-bottom: 2em !important;}&#8221;][vc_column][vc_custom_heading text=&#8221;Experience&#8221; font_container=&#8221;tag:h1|text_align:center&#8221; use_theme_fonts=&#8221;yes&#8221; el_class=&#8221;.page-title .ast-archive-title&#8221;][\/vc_column][\/vc_row][vc_row][vc_column][vc_column_text css=&#8221;.vc_custom_1662471728722{padding-top: 20px !important;}&#8221;] Architecture &amp; Interior Design \/ Residential and Social Housing \/ Consultancy &hellip;<\/p>\n<p class=\"read-more\"> <a class=\"\" href=\"https:\/\/johanssonarquitectos.com\/en\/experience\/\"> <span class=\"screen-reader-text\">Experience<\/span> Read More \u00bb<\/a><\/p>\n","protected":false},"author":1,"featured_media":0,"parent":0,"menu_order":0,"comment_status":"closed","ping_status":"closed","template":"","meta":{"site-sidebar-layout":"no-sidebar","site-content-layout":"plain-container","ast-global-header-display":"","ast-main-header-display":"","ast-hfb-above-header-display":"","ast-hfb-below-header-display":"","ast-hfb-mobile-header-display":"","site-post-title":"disabled","ast-breadcrumbs-content":"","ast-featured-img":"disabled","footer-sml-layout":"","theme-transparent-header-meta":"default","adv-header-id-meta":"","stick-header-meta":"default","header-above-stick-meta":"","header-main-stick-meta":"","header-below-stick-meta":""},"yoast_head":"<!-- This site is optimized with the Yoast SEO plugin v20.1 - https:\/\/yoast.com\/wordpress\/plugins\/seo\/ -->\n<title>Experience - JOHANSSON ARQUITECTOS<\/title>\n<meta name=\"robots\" content=\"index, follow, max-snippet:-1, max-image-preview:large, max-video-preview:-1\" \/>\n<link rel=\"canonical\" href=\"https:\/\/johanssonarquitectos.com\/en\/experience\/\" \/>\n<meta property=\"og:locale\" content=\"en_US\" \/>\n<meta property=\"og:type\" content=\"article\" \/>\n<meta property=\"og:title\" content=\"Experience - JOHANSSON ARQUITECTOS\" \/>\n<meta property=\"og:description\" content=\"[vc_row css=&#8221;.vc_custom_1662470970303{padding-top: 2em !important;padding-bottom: 2em !important;}&#8221;][vc_column][vc_custom_heading text=&#8221;Experience&#8221; font_container=&#8221;tag:h1|text_align:center&#8221; use_theme_fonts=&#8221;yes&#8221; el_class=&#8221;.page-title .ast-archive-title&#8221;][\/vc_column][\/vc_row][vc_row][vc_column][vc_column_text css=&#8221;.vc_custom_1662471728722{padding-top: 20px !important;}&#8221;] Architecture &amp; Interior Design \/ Residential and Social Housing \/ Consultancy &hellip; Experience Read More \u00bb\" \/>\n<meta property=\"og:url\" content=\"https:\/\/johanssonarquitectos.com\/en\/experience\/\" \/>\n<meta property=\"og:site_name\" content=\"JOHANSSON ARQUITECTOS\" \/>\n<meta property=\"article:modified_time\" content=\"2022-12-09T18:06:18+00:00\" \/>\n<meta property=\"og:image\" content=\"https:\/\/johanssonarquitectos.com\/wp-content\/uploads\/2022\/07\/Logo-Johansson-Arquitectos.png\" \/>\n\t<meta property=\"og:image:width\" content=\"334\" \/>\n\t<meta property=\"og:image:height\" content=\"100\" \/>\n\t<meta property=\"og:image:type\" content=\"image\/png\" \/>\n<meta name=\"twitter:card\" content=\"summary_large_image\" \/>\n<meta name=\"twitter:label1\" content=\"Est. reading time\" \/>\n\t<meta name=\"twitter:data1\" content=\"6 minutes\" \/>\n<script type=\"application\/ld+json\" class=\"yoast-schema-graph\">{\"@context\":\"https:\/\/schema.org\",\"@graph\":[{\"@type\":\"WebPage\",\"@id\":\"https:\/\/johanssonarquitectos.com\/en\/experience\/\",\"url\":\"https:\/\/johanssonarquitectos.com\/en\/experience\/\",\"name\":\"Experience - JOHANSSON ARQUITECTOS\",\"isPartOf\":{\"@id\":\"https:\/\/johanssonarquitectos.com\/#website\"},\"datePublished\":\"2022-08-02T07:56:56+00:00\",\"dateModified\":\"2022-12-09T18:06:18+00:00\",\"breadcrumb\":{\"@id\":\"https:\/\/johanssonarquitectos.com\/en\/experience\/#breadcrumb\"},\"inLanguage\":\"en-US\",\"potentialAction\":[{\"@type\":\"ReadAction\",\"target\":[\"https:\/\/johanssonarquitectos.com\/en\/experience\/\"]}]},{\"@type\":\"BreadcrumbList\",\"@id\":\"https:\/\/johanssonarquitectos.com\/en\/experience\/#breadcrumb\",\"itemListElement\":[{\"@type\":\"ListItem\",\"position\":1,\"name\":\"Portada\",\"item\":\"https:\/\/johanssonarquitectos.com\/en\/\"},{\"@type\":\"ListItem\",\"position\":2,\"name\":\"Experience\"}]},{\"@type\":\"WebSite\",\"@id\":\"https:\/\/johanssonarquitectos.com\/#website\",\"url\":\"https:\/\/johanssonarquitectos.com\/\",\"name\":\"Johansson Arquitectos\",\"description\":\"El estudio de arquitectura y dise\u00f1o Johansson Arquitectos fundado por Enrique Johansson cuenta con una trayectoria de m\u00e1s de 25 a\u00f1os, en los que han realizado numerosos proyectos y concursos en todo el mundo\",\"publisher\":{\"@id\":\"https:\/\/johanssonarquitectos.com\/#organization\"},\"alternateName\":\"Johansson Arquitectos\",\"potentialAction\":[{\"@type\":\"SearchAction\",\"target\":{\"@type\":\"EntryPoint\",\"urlTemplate\":\"https:\/\/johanssonarquitectos.com\/?s={search_term_string}\"},\"query-input\":\"required name=search_term_string\"}],\"inLanguage\":\"en-US\"},{\"@type\":\"Organization\",\"@id\":\"https:\/\/johanssonarquitectos.com\/#organization\",\"name\":\"Johansson Arquitectos\",\"alternateName\":\"Johansson Arquitectos\",\"url\":\"https:\/\/johanssonarquitectos.com\/\",\"logo\":{\"@type\":\"ImageObject\",\"inLanguage\":\"en-US\",\"@id\":\"https:\/\/johanssonarquitectos.com\/#\/schema\/logo\/image\/\",\"url\":\"https:\/\/johanssonarquitectos.com\/wp-content\/uploads\/2022\/07\/Logo-Johansson-Arquitectos.png\",\"contentUrl\":\"https:\/\/johanssonarquitectos.com\/wp-content\/uploads\/2022\/07\/Logo-Johansson-Arquitectos.png\",\"width\":334,\"height\":100,\"caption\":\"Johansson Arquitectos\"},\"image\":{\"@id\":\"https:\/\/johanssonarquitectos.com\/#\/schema\/logo\/image\/\"},\"sameAs\":[\"https:\/\/www.instagram.com\/johansson_arquitectos\/\",\"https:\/\/www.linkedin.com\/in\/enrique-johansson-217b3914b\/?originalSubdomain=es\"]}]}<\/script>\n<!-- \/ Yoast SEO plugin. -->","yoast_head_json":{"title":"Experience - JOHANSSON ARQUITECTOS","robots":{"index":"index","follow":"follow","max-snippet":"max-snippet:-1","max-image-preview":"max-image-preview:large","max-video-preview":"max-video-preview:-1"},"canonical":"https:\/\/johanssonarquitectos.com\/en\/experience\/","og_locale":"en_US","og_type":"article","og_title":"Experience - JOHANSSON ARQUITECTOS","og_description":"[vc_row css=&#8221;.vc_custom_1662470970303{padding-top: 2em !important;padding-bottom: 2em !important;}&#8221;][vc_column][vc_custom_heading text=&#8221;Experience&#8221; font_container=&#8221;tag:h1|text_align:center&#8221; use_theme_fonts=&#8221;yes&#8221; el_class=&#8221;.page-title .ast-archive-title&#8221;][\/vc_column][\/vc_row][vc_row][vc_column][vc_column_text css=&#8221;.vc_custom_1662471728722{padding-top: 20px !important;}&#8221;] Architecture &amp; Interior Design \/ Residential and Social Housing \/ Consultancy &hellip; Experience Read More \u00bb","og_url":"https:\/\/johanssonarquitectos.com\/en\/experience\/","og_site_name":"JOHANSSON ARQUITECTOS","article_modified_time":"2022-12-09T18:06:18+00:00","og_image":[{"width":334,"height":100,"url":"https:\/\/johanssonarquitectos.com\/wp-content\/uploads\/2022\/07\/Logo-Johansson-Arquitectos.png","type":"image\/png"}],"twitter_card":"summary_large_image","twitter_misc":{"Est. reading time":"6 minutes"},"schema":{"@context":"https:\/\/schema.org","@graph":[{"@type":"WebPage","@id":"https:\/\/johanssonarquitectos.com\/en\/experience\/","url":"https:\/\/johanssonarquitectos.com\/en\/experience\/","name":"Experience - JOHANSSON ARQUITECTOS","isPartOf":{"@id":"https:\/\/johanssonarquitectos.com\/#website"},"datePublished":"2022-08-02T07:56:56+00:00","dateModified":"2022-12-09T18:06:18+00:00","breadcrumb":{"@id":"https:\/\/johanssonarquitectos.com\/en\/experience\/#breadcrumb"},"inLanguage":"en-US","potentialAction":[{"@type":"ReadAction","target":["https:\/\/johanssonarquitectos.com\/en\/experience\/"]}]},{"@type":"BreadcrumbList","@id":"https:\/\/johanssonarquitectos.com\/en\/experience\/#breadcrumb","itemListElement":[{"@type":"ListItem","position":1,"name":"Portada","item":"https:\/\/johanssonarquitectos.com\/en\/"},{"@type":"ListItem","position":2,"name":"Experience"}]},{"@type":"WebSite","@id":"https:\/\/johanssonarquitectos.com\/#website","url":"https:\/\/johanssonarquitectos.com\/","name":"Johansson Arquitectos","description":"El estudio de arquitectura y dise\u00f1o Johansson Arquitectos fundado por Enrique Johansson cuenta con una trayectoria de m\u00e1s de 25 a\u00f1os, en los que han realizado numerosos proyectos y concursos en todo el mundo","publisher":{"@id":"https:\/\/johanssonarquitectos.com\/#organization"},"alternateName":"Johansson Arquitectos","potentialAction":[{"@type":"SearchAction","target":{"@type":"EntryPoint","urlTemplate":"https:\/\/johanssonarquitectos.com\/?s={search_term_string}"},"query-input":"required name=search_term_string"}],"inLanguage":"en-US"},{"@type":"Organization","@id":"https:\/\/johanssonarquitectos.com\/#organization","name":"Johansson Arquitectos","alternateName":"Johansson Arquitectos","url":"https:\/\/johanssonarquitectos.com\/","logo":{"@type":"ImageObject","inLanguage":"en-US","@id":"https:\/\/johanssonarquitectos.com\/#\/schema\/logo\/image\/","url":"https:\/\/johanssonarquitectos.com\/wp-content\/uploads\/2022\/07\/Logo-Johansson-Arquitectos.png","contentUrl":"https:\/\/johanssonarquitectos.com\/wp-content\/uploads\/2022\/07\/Logo-Johansson-Arquitectos.png","width":334,"height":100,"caption":"Johansson Arquitectos"},"image":{"@id":"https:\/\/johanssonarquitectos.com\/#\/schema\/logo\/image\/"},"sameAs":["https:\/\/www.instagram.com\/johansson_arquitectos\/","https:\/\/www.linkedin.com\/in\/enrique-johansson-217b3914b\/?originalSubdomain=es"]}]}},"_links":{"self":[{"href":"https:\/\/johanssonarquitectos.com\/en\/wp-json\/wp\/v2\/pages\/5450"}],"collection":[{"href":"https:\/\/johanssonarquitectos.com\/en\/wp-json\/wp\/v2\/pages"}],"about":[{"href":"https:\/\/johanssonarquitectos.com\/en\/wp-json\/wp\/v2\/types\/page"}],"author":[{"embeddable":true,"href":"https:\/\/johanssonarquitectos.com\/en\/wp-json\/wp\/v2\/users\/1"}],"replies":[{"embeddable":true,"href":"https:\/\/johanssonarquitectos.com\/en\/wp-json\/wp\/v2\/comments?post=5450"}],"version-history":[{"count":11,"href":"https:\/\/johanssonarquitectos.com\/en\/wp-json\/wp\/v2\/pages\/5450\/revisions"}],"predecessor-version":[{"id":5462,"href":"https:\/\/johanssonarquitectos.com\/en\/wp-json\/wp\/v2\/pages\/5450\/revisions\/5462"}],"wp:attachment":[{"href":"https:\/\/johanssonarquitectos.com\/en\/wp-json\/wp\/v2\/media?parent=5450"}],"curies":[{"name":"wp","href":"https:\/\/api.w.org\/{rel}","templated":true}]}}