{"id":5436,"date":"2022-08-03T09:06:47","date_gmt":"2022-08-03T08:06:47","guid":{"rendered":"https:\/\/johanssonarquitectos.com\/about\/"},"modified":"2022-10-26T15:28:45","modified_gmt":"2022-10-26T14:28:45","slug":"about","status":"publish","type":"page","link":"https:\/\/johanssonarquitectos.com\/en\/about\/","title":{"rendered":"About"},"content":{"rendered":"<p>[vc_row css=&#8221;.vc_custom_1662470994598{padding-top: 2em !important;padding-bottom: 2em !important;}&#8221;][vc_column][vc_custom_heading text=&#8221;About&#8221; font_container=&#8221;tag:h1|text_align:center&#8221; use_theme_fonts=&#8221;yes&#8221; el_class=&#8221;.page-title .ast-archive-title&#8221;][\/vc_column][\/vc_row][vc_row][vc_column][vc_column_text]<\/p>\n<p style=\"text-align: center;\"><strong>Johansson Arquitectos founded by Enrique Johansson, with a trajectory of more than 25 years, has carried out many different projects and participated in different architectural design competitions.<\/strong><\/p>\n<p>[\/vc_column_text][\/vc_column][\/vc_row][vc_row css=&#8221;.vc_custom_1666790118785{padding-top: 3em !important;padding-bottom: 3em !important;}&#8221;][vc_column width=&#8221;1\/2&#8243;][vc_column_text]<\/p>\n<p style=\"text-align: justify;\">From large urban and regional planning for residential, tourist and industrial developments, to residential projects, social housing, offices, public buildings and preservation and rehabilitation of buildings, etc.<\/p>\n<p style=\"text-align: justify;\">In all his works there is a search for a modern aesthetic, a rationality and constructive innovation, a simplicity of materials and a response to an energetic sustainability.<\/p>\n<p style=\"text-align: justify;\">A majority of his projects come from national and international architecture contests he has won. He has participated with his projects in various exhibitions in Spain, Holland, Greece, Italy, Brazil, Benin and France, and given conferences in most of these places, and his works appear in different publications.<\/p>\n<p style=\"text-align: justify;\">For the development of the projects and architectural competitions, Enrique Johansson has counted with the collaboration of more than 20 architects from different universities and nationalities, and collaborates regularly with Structural Engineering companies of high national level and of recognized prestige.<\/p>\n<p style=\"text-align: justify;\">Enrique Johansson currently runs the office Johansson Arquitectos, S.L. and is responsible for the Projects and Construction Management.<\/p>\n<p>[\/vc_column_text][\/vc_column][vc_column width=&#8221;5\/12&#8243;][vc_single_image image=&#8221;5406&#8243; img_size=&#8221;full&#8221;][\/vc_column][\/vc_row][vc_row css=&#8221;.vc_custom_1659516168085{padding-top: 3em !important;padding-bottom: 5em !important;}&#8221;][vc_column width=&#8221;1\/2&#8243;][vc_single_image image=&#8221;5402&#8243; img_size=&#8221;full&#8221;][\/vc_column][vc_column width=&#8221;1\/2&#8243;][vc_single_image image=&#8221;4712&#8243; img_size=&#8221;full&#8221; css=&#8221;.vc_custom_1666791888893{margin-bottom: 0px !important;}&#8221;][vc_separator color=&#8221;white&#8221; border_width=&#8221;2&#8243;][vc_single_image image=&#8221;4714&#8243; img_size=&#8221;full&#8221;][\/vc_column][\/vc_row]<\/p>\n","protected":false},"excerpt":{"rendered":"<p>[vc_row css=&#8221;.vc_custom_1662470994598{padding-top: 2em !important;padding-bottom: 2em !important;}&#8221;][vc_column][vc_custom_heading text=&#8221;About&#8221; font_container=&#8221;tag:h1|text_align:center&#8221; use_theme_fonts=&#8221;yes&#8221; el_class=&#8221;.page-title .ast-archive-title&#8221;][\/vc_column][\/vc_row][vc_row][vc_column][vc_column_text] Johansson Arquitectos founded by Enrique Johansson, with a trajectory of more than 25 years, &hellip;<\/p>\n<p class=\"read-more\"> <a class=\"\" href=\"https:\/\/johanssonarquitectos.com\/en\/about\/\"> <span class=\"screen-reader-text\">About<\/span> Read More \u00bb<\/a><\/p>\n","protected":false},"author":1,"featured_media":0,"parent":0,"menu_order":0,"comment_status":"closed","ping_status":"closed","template":"","meta":{"site-sidebar-layout":"no-sidebar","site-content-layout":"plain-container","ast-global-header-display":"","ast-main-header-display":"","ast-hfb-above-header-display":"","ast-hfb-below-header-display":"","ast-hfb-mobile-header-display":"","site-post-title":"disabled","ast-breadcrumbs-content":"","ast-featured-img":"disabled","footer-sml-layout":"","theme-transparent-header-meta":"default","adv-header-id-meta":"","stick-header-meta":"default","header-above-stick-meta":"","header-main-stick-meta":"","header-below-stick-meta":""},"yoast_head":"<!-- This site is optimized with the Yoast SEO plugin v20.1 - https:\/\/yoast.com\/wordpress\/plugins\/seo\/ -->\n<title>About - JOHANSSON ARQUITECTOS<\/title>\n<meta name=\"robots\" content=\"index, follow, max-snippet:-1, max-image-preview:large, max-video-preview:-1\" \/>\n<link rel=\"canonical\" href=\"https:\/\/johanssonarquitectos.com\/en\/about\/\" \/>\n<meta property=\"og:locale\" content=\"en_US\" \/>\n<meta property=\"og:type\" content=\"article\" \/>\n<meta property=\"og:title\" content=\"About - JOHANSSON ARQUITECTOS\" \/>\n<meta property=\"og:description\" content=\"[vc_row css=&#8221;.vc_custom_1662470994598{padding-top: 2em !important;padding-bottom: 2em !important;}&#8221;][vc_column][vc_custom_heading text=&#8221;About&#8221; font_container=&#8221;tag:h1|text_align:center&#8221; use_theme_fonts=&#8221;yes&#8221; el_class=&#8221;.page-title .ast-archive-title&#8221;][\/vc_column][\/vc_row][vc_row][vc_column][vc_column_text] Johansson Arquitectos founded by Enrique Johansson, with a trajectory of more than 25 years, &hellip; About Read More \u00bb\" \/>\n<meta property=\"og:url\" content=\"https:\/\/johanssonarquitectos.com\/en\/about\/\" \/>\n<meta property=\"og:site_name\" content=\"JOHANSSON ARQUITECTOS\" \/>\n<meta property=\"article:modified_time\" content=\"2022-10-26T14:28:45+00:00\" \/>\n<meta property=\"og:image\" content=\"https:\/\/johanssonarquitectos.com\/wp-content\/uploads\/2022\/07\/Logo-Johansson-Arquitectos.png\" \/>\n\t<meta property=\"og:image:width\" content=\"334\" \/>\n\t<meta property=\"og:image:height\" content=\"100\" \/>\n\t<meta property=\"og:image:type\" content=\"image\/png\" \/>\n<meta name=\"twitter:card\" content=\"summary_large_image\" \/>\n<meta name=\"twitter:label1\" content=\"Est. reading time\" \/>\n\t<meta name=\"twitter:data1\" content=\"2 minutes\" \/>\n<script type=\"application\/ld+json\" class=\"yoast-schema-graph\">{\"@context\":\"https:\/\/schema.org\",\"@graph\":[{\"@type\":\"WebPage\",\"@id\":\"https:\/\/johanssonarquitectos.com\/en\/about\/\",\"url\":\"https:\/\/johanssonarquitectos.com\/en\/about\/\",\"name\":\"About - JOHANSSON ARQUITECTOS\",\"isPartOf\":{\"@id\":\"https:\/\/johanssonarquitectos.com\/#website\"},\"datePublished\":\"2022-08-03T08:06:47+00:00\",\"dateModified\":\"2022-10-26T14:28:45+00:00\",\"breadcrumb\":{\"@id\":\"https:\/\/johanssonarquitectos.com\/en\/about\/#breadcrumb\"},\"inLanguage\":\"en-US\",\"potentialAction\":[{\"@type\":\"ReadAction\",\"target\":[\"https:\/\/johanssonarquitectos.com\/en\/about\/\"]}]},{\"@type\":\"BreadcrumbList\",\"@id\":\"https:\/\/johanssonarquitectos.com\/en\/about\/#breadcrumb\",\"itemListElement\":[{\"@type\":\"ListItem\",\"position\":1,\"name\":\"Portada\",\"item\":\"https:\/\/johanssonarquitectos.com\/en\/\"},{\"@type\":\"ListItem\",\"position\":2,\"name\":\"About\"}]},{\"@type\":\"WebSite\",\"@id\":\"https:\/\/johanssonarquitectos.com\/#website\",\"url\":\"https:\/\/johanssonarquitectos.com\/\",\"name\":\"Johansson Arquitectos\",\"description\":\"El estudio de arquitectura y dise\u00f1o Johansson Arquitectos fundado por Enrique Johansson cuenta con una trayectoria de m\u00e1s de 25 a\u00f1os, en los que han realizado numerosos proyectos y concursos en todo el mundo\",\"publisher\":{\"@id\":\"https:\/\/johanssonarquitectos.com\/#organization\"},\"alternateName\":\"Johansson Arquitectos\",\"potentialAction\":[{\"@type\":\"SearchAction\",\"target\":{\"@type\":\"EntryPoint\",\"urlTemplate\":\"https:\/\/johanssonarquitectos.com\/?s={search_term_string}\"},\"query-input\":\"required name=search_term_string\"}],\"inLanguage\":\"en-US\"},{\"@type\":\"Organization\",\"@id\":\"https:\/\/johanssonarquitectos.com\/#organization\",\"name\":\"Johansson Arquitectos\",\"alternateName\":\"Johansson Arquitectos\",\"url\":\"https:\/\/johanssonarquitectos.com\/\",\"logo\":{\"@type\":\"ImageObject\",\"inLanguage\":\"en-US\",\"@id\":\"https:\/\/johanssonarquitectos.com\/#\/schema\/logo\/image\/\",\"url\":\"https:\/\/johanssonarquitectos.com\/wp-content\/uploads\/2022\/07\/Logo-Johansson-Arquitectos.png\",\"contentUrl\":\"https:\/\/johanssonarquitectos.com\/wp-content\/uploads\/2022\/07\/Logo-Johansson-Arquitectos.png\",\"width\":334,\"height\":100,\"caption\":\"Johansson Arquitectos\"},\"image\":{\"@id\":\"https:\/\/johanssonarquitectos.com\/#\/schema\/logo\/image\/\"},\"sameAs\":[\"https:\/\/www.instagram.com\/johansson_arquitectos\/\",\"https:\/\/www.linkedin.com\/in\/enrique-johansson-217b3914b\/?originalSubdomain=es\"]}]}<\/script>\n<!-- \/ Yoast SEO plugin. -->","yoast_head_json":{"title":"About - JOHANSSON ARQUITECTOS","robots":{"index":"index","follow":"follow","max-snippet":"max-snippet:-1","max-image-preview":"max-image-preview:large","max-video-preview":"max-video-preview:-1"},"canonical":"https:\/\/johanssonarquitectos.com\/en\/about\/","og_locale":"en_US","og_type":"article","og_title":"About - JOHANSSON ARQUITECTOS","og_description":"[vc_row css=&#8221;.vc_custom_1662470994598{padding-top: 2em !important;padding-bottom: 2em !important;}&#8221;][vc_column][vc_custom_heading text=&#8221;About&#8221; font_container=&#8221;tag:h1|text_align:center&#8221; use_theme_fonts=&#8221;yes&#8221; el_class=&#8221;.page-title .ast-archive-title&#8221;][\/vc_column][\/vc_row][vc_row][vc_column][vc_column_text] Johansson Arquitectos founded by Enrique Johansson, with a trajectory of more than 25 years, &hellip; About Read More \u00bb","og_url":"https:\/\/johanssonarquitectos.com\/en\/about\/","og_site_name":"JOHANSSON ARQUITECTOS","article_modified_time":"2022-10-26T14:28:45+00:00","og_image":[{"width":334,"height":100,"url":"https:\/\/johanssonarquitectos.com\/wp-content\/uploads\/2022\/07\/Logo-Johansson-Arquitectos.png","type":"image\/png"}],"twitter_card":"summary_large_image","twitter_misc":{"Est. reading time":"2 minutes"},"schema":{"@context":"https:\/\/schema.org","@graph":[{"@type":"WebPage","@id":"https:\/\/johanssonarquitectos.com\/en\/about\/","url":"https:\/\/johanssonarquitectos.com\/en\/about\/","name":"About - JOHANSSON ARQUITECTOS","isPartOf":{"@id":"https:\/\/johanssonarquitectos.com\/#website"},"datePublished":"2022-08-03T08:06:47+00:00","dateModified":"2022-10-26T14:28:45+00:00","breadcrumb":{"@id":"https:\/\/johanssonarquitectos.com\/en\/about\/#breadcrumb"},"inLanguage":"en-US","potentialAction":[{"@type":"ReadAction","target":["https:\/\/johanssonarquitectos.com\/en\/about\/"]}]},{"@type":"BreadcrumbList","@id":"https:\/\/johanssonarquitectos.com\/en\/about\/#breadcrumb","itemListElement":[{"@type":"ListItem","position":1,"name":"Portada","item":"https:\/\/johanssonarquitectos.com\/en\/"},{"@type":"ListItem","position":2,"name":"About"}]},{"@type":"WebSite","@id":"https:\/\/johanssonarquitectos.com\/#website","url":"https:\/\/johanssonarquitectos.com\/","name":"Johansson Arquitectos","description":"El estudio de arquitectura y dise\u00f1o Johansson Arquitectos fundado por Enrique Johansson cuenta con una trayectoria de m\u00e1s de 25 a\u00f1os, en los que han realizado numerosos proyectos y concursos en todo el mundo","publisher":{"@id":"https:\/\/johanssonarquitectos.com\/#organization"},"alternateName":"Johansson Arquitectos","potentialAction":[{"@type":"SearchAction","target":{"@type":"EntryPoint","urlTemplate":"https:\/\/johanssonarquitectos.com\/?s={search_term_string}"},"query-input":"required name=search_term_string"}],"inLanguage":"en-US"},{"@type":"Organization","@id":"https:\/\/johanssonarquitectos.com\/#organization","name":"Johansson Arquitectos","alternateName":"Johansson Arquitectos","url":"https:\/\/johanssonarquitectos.com\/","logo":{"@type":"ImageObject","inLanguage":"en-US","@id":"https:\/\/johanssonarquitectos.com\/#\/schema\/logo\/image\/","url":"https:\/\/johanssonarquitectos.com\/wp-content\/uploads\/2022\/07\/Logo-Johansson-Arquitectos.png","contentUrl":"https:\/\/johanssonarquitectos.com\/wp-content\/uploads\/2022\/07\/Logo-Johansson-Arquitectos.png","width":334,"height":100,"caption":"Johansson Arquitectos"},"image":{"@id":"https:\/\/johanssonarquitectos.com\/#\/schema\/logo\/image\/"},"sameAs":["https:\/\/www.instagram.com\/johansson_arquitectos\/","https:\/\/www.linkedin.com\/in\/enrique-johansson-217b3914b\/?originalSubdomain=es"]}]}},"_links":{"self":[{"href":"https:\/\/johanssonarquitectos.com\/en\/wp-json\/wp\/v2\/pages\/5436"}],"collection":[{"href":"https:\/\/johanssonarquitectos.com\/en\/wp-json\/wp\/v2\/pages"}],"about":[{"href":"https:\/\/johanssonarquitectos.com\/en\/wp-json\/wp\/v2\/types\/page"}],"author":[{"embeddable":true,"href":"https:\/\/johanssonarquitectos.com\/en\/wp-json\/wp\/v2\/users\/1"}],"replies":[{"embeddable":true,"href":"https:\/\/johanssonarquitectos.com\/en\/wp-json\/wp\/v2\/comments?post=5436"}],"version-history":[{"count":3,"href":"https:\/\/johanssonarquitectos.com\/en\/wp-json\/wp\/v2\/pages\/5436\/revisions"}],"predecessor-version":[{"id":5439,"href":"https:\/\/johanssonarquitectos.com\/en\/wp-json\/wp\/v2\/pages\/5436\/revisions\/5439"}],"wp:attachment":[{"href":"https:\/\/johanssonarquitectos.com\/en\/wp-json\/wp\/v2\/media?parent=5436"}],"curies":[{"name":"wp","href":"https:\/\/api.w.org\/{rel}","templated":true}]}}