{"id":4861,"date":"2022-08-03T10:04:26","date_gmt":"2022-08-03T09:04:26","guid":{"rendered":"https:\/\/johanssonarquitectos.com\/contact\/"},"modified":"2023-01-16T13:26:25","modified_gmt":"2023-01-16T12:26:25","slug":"contact","status":"publish","type":"page","link":"https:\/\/johanssonarquitectos.com\/en\/contact\/","title":{"rendered":"Contact"},"content":{"rendered":"<p>[vc_row css=&#8221;.vc_custom_1659439097752{padding-top: 5em !important;padding-bottom: 2em !important;}&#8221;][vc_column][vc_custom_heading text=&#8221;Contact&#8221; font_container=&#8221;tag:h1|text_align:center&#8221; use_theme_fonts=&#8221;yes&#8221; el_class=&#8221;.page-title .ast-archive-title&#8221;][vc_gmaps link=&#8221;#E-8_JTNDaWZyYW1lJTIwc3JjJTNEJTIyaHR0cHMlM0ElMkYlMkZ3d3cuZ29vZ2xlLmNvbSUyRm1hcHMlMkZlbWJlZCUzRnBiJTNEJTIxMW0xNCUyMTFtOCUyMTFtMyUyMTFkMTIxNDcuNTMyNTczMTUwMDg5JTIxMmQtMy42OTA5MjAyJTIxM2Q0MC40MzM1ODY0JTIxM20yJTIxMWkxMDI0JTIxMmk3NjglMjE0ZjEzLjElMjEzbTMlMjExbTIlMjExczB4MCUyNTNBMHgyZDdhZWY5ZDA3NjYwNzdhJTIxMnNKb2hhbnNzb24lMjUyMEFycXVpdGVjdG9zJTI1MjBTLkwuJTIxNWUwJTIxM20yJTIxMXNlcyUyMTJzZXMlMjE0djE2NjI0NjQ3MzE3MTglMjE1bTIlMjExc2VzJTIxMnNlcyUyMiUyMHdpZHRoJTNEJTIyNjAwJTIyJTIwaGVpZ2h0JTNEJTIyNDUwJTIyJTIwc3R5bGUlM0QlMjJib3JkZXIlM0EwJTNCJTIyJTIwYWxsb3dmdWxsc2NyZWVuJTNEJTIyJTIyJTIwbG9hZGluZyUzRCUyMmxhenklMjIlMjByZWZlcnJlcnBvbGljeSUzRCUyMm5vLXJlZmVycmVyLXdoZW4tZG93bmdyYWRlJTIyJTNFJTNDJTJGaWZyYW1lJTNF&#8221;][\/vc_column][\/vc_row][vc_row css=&#8221;.vc_custom_1659519208009{padding-top: 5em !important;padding-bottom: 5em !important;}&#8221;][vc_column width=&#8221;1\/2&#8243;][vc_custom_heading text=&#8221;Contact us&#8221; font_container=&#8221;tag:h4|text_align:left&#8221; use_theme_fonts=&#8221;yes&#8221; el_class=&#8221;.page-title .ast-archive-title&#8221;][vc_column_text]<\/p>\n<p style=\"text-align: justify;\">We will be pleased to help you.<\/p>\n<p>[\/vc_column_text][\/vc_column][vc_column width=&#8221;1\/2&#8243;][vc_column_text]<strong>Johansson Arquitectos<\/strong><br \/>\nAddress: <a href=\"https:\/\/tinyurl.com\/2as8ytoq\" target=\"_blank\" rel=\"noopener\">C. de Miguel \u00c1ngel, 4, 28010 Madrid<\/a><\/p>\n<p>Phone: <a href=\"tel:+34912192404\" target=\"_blank\" rel=\"noopener\">+34 91 219 24 04<\/a><br \/>\nMobile: <a href=\"tel:+3460799951\" target=\"_blank\" rel=\"noopener\">607 999 51<\/a><\/p>\n<p>Email: <a href=\"mailto:oficina@johanssonarquitectos.com\" target=\"_blank\" rel=\"noopener\">oficina@johanssonarquitectos.com<\/a>[\/vc_column_text][\/vc_column][\/vc_row]<\/p>\n","protected":false},"excerpt":{"rendered":"<p>[vc_row css=&#8221;.vc_custom_1659439097752{padding-top: 5em !important;padding-bottom: 2em !important;}&#8221;][vc_column][vc_custom_heading text=&#8221;Contact&#8221; font_container=&#8221;tag:h1|text_align:center&#8221; use_theme_fonts=&#8221;yes&#8221; el_class=&#8221;.page-title .ast-archive-title&#8221;][vc_gmaps link=&#8221;#E-8_JTNDaWZyYW1lJTIwc3JjJTNEJTIyaHR0cHMlM0ElMkYlMkZ3d3cuZ29vZ2xlLmNvbSUyRm1hcHMlMkZlbWJlZCUzRnBiJTNEJTIxMW0xNCUyMTFtOCUyMTFtMyUyMTFkMTIxNDcuNTMyNTczMTUwMDg5JTIxMmQtMy42OTA5MjAyJTIxM2Q0MC40MzM1ODY0JTIxM20yJTIxMWkxMDI0JTIxMmk3NjglMjE0ZjEzLjElMjEzbTMlMjExbTIlMjExczB4MCUyNTNBMHgyZDdhZWY5ZDA3NjYwNzdhJTIxMnNKb2hhbnNzb24lMjUyMEFycXVpdGVjdG9zJTI1MjBTLkwuJTIxNWUwJTIxM20yJTIxMXNlcyUyMTJzZXMlMjE0djE2NjI0NjQ3MzE3MTglMjE1bTIlMjExc2VzJTIxMnNlcyUyMiUyMHdpZHRoJTNEJTIyNjAwJTIyJTIwaGVpZ2h0JTNEJTIyNDUwJTIyJTIwc3R5bGUlM0QlMjJib3JkZXIlM0EwJTNCJTIyJTIwYWxsb3dmdWxsc2NyZWVuJTNEJTIyJTIyJTIwbG9hZGluZyUzRCUyMmxhenklMjIlMjByZWZlcnJlcnBvbGljeSUzRCUyMm5vLXJlZmVycmVyLXdoZW4tZG93bmdyYWRlJTIyJTNFJTNDJTJGaWZyYW1lJTNF&#8221;][\/vc_column][\/vc_row][vc_row css=&#8221;.vc_custom_1659519208009{padding-top: 5em !important;padding-bottom: 5em !important;}&#8221;][vc_column width=&#8221;1\/2&#8243;][vc_custom_heading text=&#8221;Contact us&#8221; font_container=&#8221;tag:h4|text_align:left&#8221; use_theme_fonts=&#8221;yes&#8221; el_class=&#8221;.page-title .ast-archive-title&#8221;][vc_column_text] We &hellip;<\/p>\n<p class=\"read-more\"> <a class=\"\" href=\"https:\/\/johanssonarquitectos.com\/en\/contact\/\"> <span class=\"screen-reader-text\">Contact<\/span> Read More \u00bb<\/a><\/p>\n","protected":false},"author":1,"featured_media":0,"parent":0,"menu_order":0,"comment_status":"closed","ping_status":"closed","template":"","meta":{"site-sidebar-layout":"no-sidebar","site-content-layout":"plain-container","ast-global-header-display":"","ast-main-header-display":"","ast-hfb-above-header-display":"","ast-hfb-below-header-display":"","ast-hfb-mobile-header-display":"","site-post-title":"disabled","ast-breadcrumbs-content":"","ast-featured-img":"disabled","footer-sml-layout":"","theme-transparent-header-meta":"default","adv-header-id-meta":"","stick-header-meta":"default","header-above-stick-meta":"","header-main-stick-meta":"","header-below-stick-meta":""},"yoast_head":"<!-- This site is optimized with the Yoast SEO plugin v20.1 - https:\/\/yoast.com\/wordpress\/plugins\/seo\/ -->\n<title>Contact - JOHANSSON ARQUITECTOS<\/title>\n<meta name=\"robots\" content=\"index, follow, max-snippet:-1, max-image-preview:large, max-video-preview:-1\" \/>\n<link rel=\"canonical\" href=\"https:\/\/johanssonarquitectos.com\/en\/contact\/\" \/>\n<meta property=\"og:locale\" content=\"en_US\" \/>\n<meta property=\"og:type\" content=\"article\" \/>\n<meta property=\"og:title\" content=\"Contact - JOHANSSON ARQUITECTOS\" \/>\n<meta property=\"og:description\" content=\"[vc_row css=&#8221;.vc_custom_1659439097752{padding-top: 5em !important;padding-bottom: 2em !important;}&#8221;][vc_column][vc_custom_heading text=&#8221;Contact&#8221; font_container=&#8221;tag:h1|text_align:center&#8221; use_theme_fonts=&#8221;yes&#8221; el_class=&#8221;.page-title .ast-archive-title&#8221;][vc_gmaps link=&#8221;#E-8_JTNDaWZyYW1lJTIwc3JjJTNEJTIyaHR0cHMlM0ElMkYlMkZ3d3cuZ29vZ2xlLmNvbSUyRm1hcHMlMkZlbWJlZCUzRnBiJTNEJTIxMW0xNCUyMTFtOCUyMTFtMyUyMTFkMTIxNDcuNTMyNTczMTUwMDg5JTIxMmQtMy42OTA5MjAyJTIxM2Q0MC40MzM1ODY0JTIxM20yJTIxMWkxMDI0JTIxMmk3NjglMjE0ZjEzLjElMjEzbTMlMjExbTIlMjExczB4MCUyNTNBMHgyZDdhZWY5ZDA3NjYwNzdhJTIxMnNKb2hhbnNzb24lMjUyMEFycXVpdGVjdG9zJTI1MjBTLkwuJTIxNWUwJTIxM20yJTIxMXNlcyUyMTJzZXMlMjE0djE2NjI0NjQ3MzE3MTglMjE1bTIlMjExc2VzJTIxMnNlcyUyMiUyMHdpZHRoJTNEJTIyNjAwJTIyJTIwaGVpZ2h0JTNEJTIyNDUwJTIyJTIwc3R5bGUlM0QlMjJib3JkZXIlM0EwJTNCJTIyJTIwYWxsb3dmdWxsc2NyZWVuJTNEJTIyJTIyJTIwbG9hZGluZyUzRCUyMmxhenklMjIlMjByZWZlcnJlcnBvbGljeSUzRCUyMm5vLXJlZmVycmVyLXdoZW4tZG93bmdyYWRlJTIyJTNFJTNDJTJGaWZyYW1lJTNF&#8221;][\/vc_column][\/vc_row][vc_row css=&#8221;.vc_custom_1659519208009{padding-top: 5em !important;padding-bottom: 5em !important;}&#8221;][vc_column width=&#8221;1\/2&#8243;][vc_custom_heading text=&#8221;Contact us&#8221; font_container=&#8221;tag:h4|text_align:left&#8221; use_theme_fonts=&#8221;yes&#8221; el_class=&#8221;.page-title .ast-archive-title&#8221;][vc_column_text] We &hellip; Contact Read More \u00bb\" \/>\n<meta property=\"og:url\" content=\"https:\/\/johanssonarquitectos.com\/en\/contact\/\" \/>\n<meta property=\"og:site_name\" content=\"JOHANSSON ARQUITECTOS\" \/>\n<meta property=\"article:modified_time\" content=\"2023-01-16T12:26:25+00:00\" \/>\n<meta property=\"og:image\" content=\"https:\/\/johanssonarquitectos.com\/wp-content\/uploads\/2022\/07\/Logo-Johansson-Arquitectos.png\" \/>\n\t<meta property=\"og:image:width\" content=\"334\" \/>\n\t<meta property=\"og:image:height\" content=\"100\" \/>\n\t<meta property=\"og:image:type\" content=\"image\/png\" \/>\n<meta name=\"twitter:card\" content=\"summary_large_image\" \/>\n<meta name=\"twitter:label1\" content=\"Est. reading time\" \/>\n\t<meta name=\"twitter:data1\" content=\"1 minute\" \/>\n<script type=\"application\/ld+json\" class=\"yoast-schema-graph\">{\"@context\":\"https:\/\/schema.org\",\"@graph\":[{\"@type\":\"WebPage\",\"@id\":\"https:\/\/johanssonarquitectos.com\/en\/contact\/\",\"url\":\"https:\/\/johanssonarquitectos.com\/en\/contact\/\",\"name\":\"Contact - JOHANSSON ARQUITECTOS\",\"isPartOf\":{\"@id\":\"https:\/\/johanssonarquitectos.com\/#website\"},\"datePublished\":\"2022-08-03T09:04:26+00:00\",\"dateModified\":\"2023-01-16T12:26:25+00:00\",\"breadcrumb\":{\"@id\":\"https:\/\/johanssonarquitectos.com\/en\/contact\/#breadcrumb\"},\"inLanguage\":\"en-US\",\"potentialAction\":[{\"@type\":\"ReadAction\",\"target\":[\"https:\/\/johanssonarquitectos.com\/en\/contact\/\"]}]},{\"@type\":\"BreadcrumbList\",\"@id\":\"https:\/\/johanssonarquitectos.com\/en\/contact\/#breadcrumb\",\"itemListElement\":[{\"@type\":\"ListItem\",\"position\":1,\"name\":\"Portada\",\"item\":\"https:\/\/johanssonarquitectos.com\/en\/\"},{\"@type\":\"ListItem\",\"position\":2,\"name\":\"Contact\"}]},{\"@type\":\"WebSite\",\"@id\":\"https:\/\/johanssonarquitectos.com\/#website\",\"url\":\"https:\/\/johanssonarquitectos.com\/\",\"name\":\"Johansson Arquitectos\",\"description\":\"El estudio de arquitectura y dise\u00f1o Johansson Arquitectos fundado por Enrique Johansson cuenta con una trayectoria de m\u00e1s de 25 a\u00f1os, en los que han realizado numerosos proyectos y concursos en todo el mundo\",\"publisher\":{\"@id\":\"https:\/\/johanssonarquitectos.com\/#organization\"},\"alternateName\":\"Johansson Arquitectos\",\"potentialAction\":[{\"@type\":\"SearchAction\",\"target\":{\"@type\":\"EntryPoint\",\"urlTemplate\":\"https:\/\/johanssonarquitectos.com\/?s={search_term_string}\"},\"query-input\":\"required name=search_term_string\"}],\"inLanguage\":\"en-US\"},{\"@type\":\"Organization\",\"@id\":\"https:\/\/johanssonarquitectos.com\/#organization\",\"name\":\"Johansson Arquitectos\",\"alternateName\":\"Johansson Arquitectos\",\"url\":\"https:\/\/johanssonarquitectos.com\/\",\"logo\":{\"@type\":\"ImageObject\",\"inLanguage\":\"en-US\",\"@id\":\"https:\/\/johanssonarquitectos.com\/#\/schema\/logo\/image\/\",\"url\":\"https:\/\/johanssonarquitectos.com\/wp-content\/uploads\/2022\/07\/Logo-Johansson-Arquitectos.png\",\"contentUrl\":\"https:\/\/johanssonarquitectos.com\/wp-content\/uploads\/2022\/07\/Logo-Johansson-Arquitectos.png\",\"width\":334,\"height\":100,\"caption\":\"Johansson Arquitectos\"},\"image\":{\"@id\":\"https:\/\/johanssonarquitectos.com\/#\/schema\/logo\/image\/\"},\"sameAs\":[\"https:\/\/www.instagram.com\/johansson_arquitectos\/\",\"https:\/\/www.linkedin.com\/in\/enrique-johansson-217b3914b\/?originalSubdomain=es\"]}]}<\/script>\n<!-- \/ Yoast SEO plugin. -->","yoast_head_json":{"title":"Contact - JOHANSSON ARQUITECTOS","robots":{"index":"index","follow":"follow","max-snippet":"max-snippet:-1","max-image-preview":"max-image-preview:large","max-video-preview":"max-video-preview:-1"},"canonical":"https:\/\/johanssonarquitectos.com\/en\/contact\/","og_locale":"en_US","og_type":"article","og_title":"Contact - JOHANSSON ARQUITECTOS","og_description":"[vc_row css=&#8221;.vc_custom_1659439097752{padding-top: 5em !important;padding-bottom: 2em !important;}&#8221;][vc_column][vc_custom_heading text=&#8221;Contact&#8221; font_container=&#8221;tag:h1|text_align:center&#8221; use_theme_fonts=&#8221;yes&#8221; el_class=&#8221;.page-title .ast-archive-title&#8221;][vc_gmaps link=&#8221;#E-8_JTNDaWZyYW1lJTIwc3JjJTNEJTIyaHR0cHMlM0ElMkYlMkZ3d3cuZ29vZ2xlLmNvbSUyRm1hcHMlMkZlbWJlZCUzRnBiJTNEJTIxMW0xNCUyMTFtOCUyMTFtMyUyMTFkMTIxNDcuNTMyNTczMTUwMDg5JTIxMmQtMy42OTA5MjAyJTIxM2Q0MC40MzM1ODY0JTIxM20yJTIxMWkxMDI0JTIxMmk3NjglMjE0ZjEzLjElMjEzbTMlMjExbTIlMjExczB4MCUyNTNBMHgyZDdhZWY5ZDA3NjYwNzdhJTIxMnNKb2hhbnNzb24lMjUyMEFycXVpdGVjdG9zJTI1MjBTLkwuJTIxNWUwJTIxM20yJTIxMXNlcyUyMTJzZXMlMjE0djE2NjI0NjQ3MzE3MTglMjE1bTIlMjExc2VzJTIxMnNlcyUyMiUyMHdpZHRoJTNEJTIyNjAwJTIyJTIwaGVpZ2h0JTNEJTIyNDUwJTIyJTIwc3R5bGUlM0QlMjJib3JkZXIlM0EwJTNCJTIyJTIwYWxsb3dmdWxsc2NyZWVuJTNEJTIyJTIyJTIwbG9hZGluZyUzRCUyMmxhenklMjIlMjByZWZlcnJlcnBvbGljeSUzRCUyMm5vLXJlZmVycmVyLXdoZW4tZG93bmdyYWRlJTIyJTNFJTNDJTJGaWZyYW1lJTNF&#8221;][\/vc_column][\/vc_row][vc_row css=&#8221;.vc_custom_1659519208009{padding-top: 5em !important;padding-bottom: 5em !important;}&#8221;][vc_column width=&#8221;1\/2&#8243;][vc_custom_heading text=&#8221;Contact us&#8221; font_container=&#8221;tag:h4|text_align:left&#8221; use_theme_fonts=&#8221;yes&#8221; el_class=&#8221;.page-title .ast-archive-title&#8221;][vc_column_text] We &hellip; Contact Read More \u00bb","og_url":"https:\/\/johanssonarquitectos.com\/en\/contact\/","og_site_name":"JOHANSSON ARQUITECTOS","article_modified_time":"2023-01-16T12:26:25+00:00","og_image":[{"width":334,"height":100,"url":"https:\/\/johanssonarquitectos.com\/wp-content\/uploads\/2022\/07\/Logo-Johansson-Arquitectos.png","type":"image\/png"}],"twitter_card":"summary_large_image","twitter_misc":{"Est. reading time":"1 minute"},"schema":{"@context":"https:\/\/schema.org","@graph":[{"@type":"WebPage","@id":"https:\/\/johanssonarquitectos.com\/en\/contact\/","url":"https:\/\/johanssonarquitectos.com\/en\/contact\/","name":"Contact - JOHANSSON ARQUITECTOS","isPartOf":{"@id":"https:\/\/johanssonarquitectos.com\/#website"},"datePublished":"2022-08-03T09:04:26+00:00","dateModified":"2023-01-16T12:26:25+00:00","breadcrumb":{"@id":"https:\/\/johanssonarquitectos.com\/en\/contact\/#breadcrumb"},"inLanguage":"en-US","potentialAction":[{"@type":"ReadAction","target":["https:\/\/johanssonarquitectos.com\/en\/contact\/"]}]},{"@type":"BreadcrumbList","@id":"https:\/\/johanssonarquitectos.com\/en\/contact\/#breadcrumb","itemListElement":[{"@type":"ListItem","position":1,"name":"Portada","item":"https:\/\/johanssonarquitectos.com\/en\/"},{"@type":"ListItem","position":2,"name":"Contact"}]},{"@type":"WebSite","@id":"https:\/\/johanssonarquitectos.com\/#website","url":"https:\/\/johanssonarquitectos.com\/","name":"Johansson Arquitectos","description":"El estudio de arquitectura y dise\u00f1o Johansson Arquitectos fundado por Enrique Johansson cuenta con una trayectoria de m\u00e1s de 25 a\u00f1os, en los que han realizado numerosos proyectos y concursos en todo el mundo","publisher":{"@id":"https:\/\/johanssonarquitectos.com\/#organization"},"alternateName":"Johansson Arquitectos","potentialAction":[{"@type":"SearchAction","target":{"@type":"EntryPoint","urlTemplate":"https:\/\/johanssonarquitectos.com\/?s={search_term_string}"},"query-input":"required name=search_term_string"}],"inLanguage":"en-US"},{"@type":"Organization","@id":"https:\/\/johanssonarquitectos.com\/#organization","name":"Johansson Arquitectos","alternateName":"Johansson Arquitectos","url":"https:\/\/johanssonarquitectos.com\/","logo":{"@type":"ImageObject","inLanguage":"en-US","@id":"https:\/\/johanssonarquitectos.com\/#\/schema\/logo\/image\/","url":"https:\/\/johanssonarquitectos.com\/wp-content\/uploads\/2022\/07\/Logo-Johansson-Arquitectos.png","contentUrl":"https:\/\/johanssonarquitectos.com\/wp-content\/uploads\/2022\/07\/Logo-Johansson-Arquitectos.png","width":334,"height":100,"caption":"Johansson Arquitectos"},"image":{"@id":"https:\/\/johanssonarquitectos.com\/#\/schema\/logo\/image\/"},"sameAs":["https:\/\/www.instagram.com\/johansson_arquitectos\/","https:\/\/www.linkedin.com\/in\/enrique-johansson-217b3914b\/?originalSubdomain=es"]}]}},"_links":{"self":[{"href":"https:\/\/johanssonarquitectos.com\/en\/wp-json\/wp\/v2\/pages\/4861"}],"collection":[{"href":"https:\/\/johanssonarquitectos.com\/en\/wp-json\/wp\/v2\/pages"}],"about":[{"href":"https:\/\/johanssonarquitectos.com\/en\/wp-json\/wp\/v2\/types\/page"}],"author":[{"embeddable":true,"href":"https:\/\/johanssonarquitectos.com\/en\/wp-json\/wp\/v2\/users\/1"}],"replies":[{"embeddable":true,"href":"https:\/\/johanssonarquitectos.com\/en\/wp-json\/wp\/v2\/comments?post=4861"}],"version-history":[{"count":4,"href":"https:\/\/johanssonarquitectos.com\/en\/wp-json\/wp\/v2\/pages\/4861\/revisions"}],"predecessor-version":[{"id":5465,"href":"https:\/\/johanssonarquitectos.com\/en\/wp-json\/wp\/v2\/pages\/4861\/revisions\/5465"}],"wp:attachment":[{"href":"https:\/\/johanssonarquitectos.com\/en\/wp-json\/wp\/v2\/media?parent=4861"}],"curies":[{"name":"wp","href":"https:\/\/api.w.org\/{rel}","templated":true}]}}